{"id":48,"date":"2021-04-25T09:50:51","date_gmt":"2021-04-25T09:50:51","guid":{"rendered":"https:\/\/phamxuanhai.com\/?page_id=48"},"modified":"2021-05-11T05:08:50","modified_gmt":"2021-05-11T05:08:50","slug":"cong-nghe","status":"publish","type":"page","link":"https:\/\/phamxuanhai.com\/?page_id=48","title":{"rendered":"C\u00f4ng Ngh\u1ec7"},"content":{"rendered":"<span class=\"rt-reading-time\" style=\"display: block;\"><span class=\"rt-label rt-prefix\">Reading Time: <\/span> <span class=\"rt-time\">&lt; 1<\/span> <span class=\"rt-label rt-postfix\">minute<\/span><\/span>\n<p>\u0110\u00e2y l\u00e0 chuy\u00ean m\u1ee5c chia s\u1ebb c\u00e1c tin t\u1ee9c th\u00fa v\u1ecb v\u1ec1 c\u00f4ng ngh\u1ec7 hi\u1ec7n t\u1ea1i m\u00e0 m\u00ecnh quan t\u00e2m, v\u00e0 c\u0169ng l\u00e0 n\u01a1i m\u00ecnh chia s\u1ebb \u0111\u1ebfn m\u1ecdi ng\u01b0\u1eddi c\u00e1c giao di\u1ec7n m\u1edbi tr\u00ean \u0111i\u1ec7n tho\u1ea1i v\u00e0 m\u00e1y t\u00ednh, \u0111a ph\u1ea7n l\u00e0 do m\u00ecnh t\u1ef1 ch\u1ec9nh s\u1eeda d\u1ef1a tr\u00ean c\u00e1c g\u00f3i giao di\u1ec7n c\u00f3 s\u1eb5n ho\u1eb7c t\u1ef1 l\u00e0m tr\u00ean c\u00e1c ph\u1ea7n m\u1ec1m h\u1ed7 tr\u1ee3 cho windows v\u00e0 android.<\/p>\n\n\n\n<h2 class=\"wp-block-heading\"><a href=\"https:\/\/phamxuanhai.com\/?cat=10\" data-type=\"URL\" data-id=\"https:\/\/phamxuanhai.com\/?cat=10\">Tin t\u1ee9c C\u00f4ng ngh\u1ec7<\/a><\/h2>\n\n\n\n<h2 class=\"wp-block-heading\"><a href=\"https:\/\/phamxuanhai.com\/?cat=1\" data-type=\"URL\" data-id=\"https:\/\/phamxuanhai.com\/?cat=1\">Themes<\/a><\/h2>\n\n\n\n<p><\/p>\n","protected":false},"excerpt":{"rendered":"<p><span class=\"rt-reading-time\" style=\"display: block;\"><span class=\"rt-label rt-prefix\">Reading Time: <\/span> <span class=\"rt-time\">&lt; 1<\/span> <span class=\"rt-label rt-postfix\">minute<\/span><\/span> \u0110\u00e2y l\u00e0 chuy\u00ean m\u1ee5c chia s\u1ebb c\u00e1c tin t\u1ee9c th\u00fa v\u1ecb v\u1ec1 c\u00f4ng ngh\u1ec7 hi\u1ec7n t\u1ea1i m\u00e0 m\u00ecnh quan t\u00e2m, v\u00e0 c\u0169ng l\u00e0 n\u01a1i m\u00ecnh [&hellip;] <span class=\"read-more-link\"><a class=\"read-more\" href=\"https:\/\/phamxuanhai.com\/?page_id=48\">Xem th\u00eam<\/a><\/span><\/p>\n","protected":false},"author":1,"featured_media":0,"parent":0,"menu_order":0,"comment_status":"closed","ping_status":"closed","template":"","meta":{"footnotes":""},"class_list":["post-48","page","type-page","status-publish","hentry"],"yoast_head":"<!-- This site is optimized with the Yoast SEO plugin v27.4 - https:\/\/yoast.com\/product\/yoast-seo-wordpress\/ -->\n<title>C\u00f4ng Ngh\u1ec7 - Haipham<\/title>\n<meta name=\"robots\" content=\"index, follow, max-snippet:-1, max-image-preview:large, max-video-preview:-1\" \/>\n<link rel=\"canonical\" href=\"https:\/\/phamxuanhai.com\/?page_id=48\" \/>\n<meta property=\"og:locale\" content=\"vi_VN\" \/>\n<meta property=\"og:type\" content=\"article\" \/>\n<meta property=\"og:title\" content=\"C\u00f4ng Ngh\u1ec7 - Haipham\" \/>\n<meta property=\"og:description\" content=\"Reading Time: &lt; 1 minute \u0110\u00e2y l\u00e0 chuy\u00ean m\u1ee5c chia s\u1ebb c\u00e1c tin t\u1ee9c th\u00fa v\u1ecb v\u1ec1 c\u00f4ng ngh\u1ec7 hi\u1ec7n t\u1ea1i m\u00e0 m\u00ecnh quan t\u00e2m, v\u00e0 c\u0169ng l\u00e0 n\u01a1i m\u00ecnh [&hellip;] Xem th\u00eam\" \/>\n<meta property=\"og:url\" content=\"https:\/\/phamxuanhai.com\/?page_id=48\" \/>\n<meta property=\"og:site_name\" content=\"Haipham\" \/>\n<meta property=\"article:modified_time\" content=\"2021-05-11T05:08:50+00:00\" \/>\n<meta name=\"twitter:card\" content=\"summary_large_image\" \/>\n<meta name=\"twitter:label1\" content=\"\u01af\u1edbc t\u00ednh th\u1eddi gian \u0111\u1ecdc\" \/>\n\t<meta name=\"twitter:data1\" content=\"1 ph\u00fat\" \/>\n<script type=\"application\/ld+json\" class=\"yoast-schema-graph\">{\"@context\":\"https:\\\/\\\/schema.org\",\"@graph\":[{\"@type\":\"WebPage\",\"@id\":\"https:\\\/\\\/phamxuanhai.com\\\/?page_id=48\",\"url\":\"https:\\\/\\\/phamxuanhai.com\\\/?page_id=48\",\"name\":\"C\u00f4ng Ngh\u1ec7 - Haipham\",\"isPartOf\":{\"@id\":\"https:\\\/\\\/phamxuanhai.com\\\/#website\"},\"datePublished\":\"2021-04-25T09:50:51+00:00\",\"dateModified\":\"2021-05-11T05:08:50+00:00\",\"breadcrumb\":{\"@id\":\"https:\\\/\\\/phamxuanhai.com\\\/?page_id=48#breadcrumb\"},\"inLanguage\":\"vi\",\"potentialAction\":[{\"@type\":\"ReadAction\",\"target\":[\"https:\\\/\\\/phamxuanhai.com\\\/?page_id=48\"]}]},{\"@type\":\"BreadcrumbList\",\"@id\":\"https:\\\/\\\/phamxuanhai.com\\\/?page_id=48#breadcrumb\",\"itemListElement\":[{\"@type\":\"ListItem\",\"position\":1,\"name\":\"Trang ch\u1ee7\",\"item\":\"https:\\\/\\\/phamxuanhai.com\\\/\"},{\"@type\":\"ListItem\",\"position\":2,\"name\":\"C\u00f4ng Ngh\u1ec7\"}]},{\"@type\":\"WebSite\",\"@id\":\"https:\\\/\\\/phamxuanhai.com\\\/#website\",\"url\":\"https:\\\/\\\/phamxuanhai.com\\\/\",\"name\":\"Haipham\",\"description\":\"Sharing Perspectives\",\"publisher\":{\"@id\":\"https:\\\/\\\/phamxuanhai.com\\\/#\\\/schema\\\/person\\\/d856eac6840ae361c21ff4eaeb734ff0\"},\"potentialAction\":[{\"@type\":\"SearchAction\",\"target\":{\"@type\":\"EntryPoint\",\"urlTemplate\":\"https:\\\/\\\/phamxuanhai.com\\\/?s={search_term_string}\"},\"query-input\":{\"@type\":\"PropertyValueSpecification\",\"valueRequired\":true,\"valueName\":\"search_term_string\"}}],\"inLanguage\":\"vi\"},{\"@type\":[\"Person\",\"Organization\"],\"@id\":\"https:\\\/\\\/phamxuanhai.com\\\/#\\\/schema\\\/person\\\/d856eac6840ae361c21ff4eaeb734ff0\",\"name\":\"admin\",\"image\":{\"@type\":\"ImageObject\",\"inLanguage\":\"vi\",\"@id\":\"https:\\\/\\\/phamxuanhai.com\\\/wp-content\\\/uploads\\\/2021\\\/04\\\/cropped-Haipham_Logo-removebg-preview.png\",\"url\":\"https:\\\/\\\/phamxuanhai.com\\\/wp-content\\\/uploads\\\/2021\\\/04\\\/cropped-Haipham_Logo-removebg-preview.png\",\"contentUrl\":\"https:\\\/\\\/phamxuanhai.com\\\/wp-content\\\/uploads\\\/2021\\\/04\\\/cropped-Haipham_Logo-removebg-preview.png\",\"width\":500,\"height\":185,\"caption\":\"admin\"},\"logo\":{\"@id\":\"https:\\\/\\\/phamxuanhai.com\\\/wp-content\\\/uploads\\\/2021\\\/04\\\/cropped-Haipham_Logo-removebg-preview.png\"},\"sameAs\":[\"https:\\\/\\\/phamxuanhai.com\"]}]}<\/script>\n<!-- \/ Yoast SEO plugin. -->","yoast_head_json":{"title":"C\u00f4ng Ngh\u1ec7 - Haipham","robots":{"index":"index","follow":"follow","max-snippet":"max-snippet:-1","max-image-preview":"max-image-preview:large","max-video-preview":"max-video-preview:-1"},"canonical":"https:\/\/phamxuanhai.com\/?page_id=48","og_locale":"vi_VN","og_type":"article","og_title":"C\u00f4ng Ngh\u1ec7 - Haipham","og_description":"Reading Time: &lt; 1 minute \u0110\u00e2y l\u00e0 chuy\u00ean m\u1ee5c chia s\u1ebb c\u00e1c tin t\u1ee9c th\u00fa v\u1ecb v\u1ec1 c\u00f4ng ngh\u1ec7 hi\u1ec7n t\u1ea1i m\u00e0 m\u00ecnh quan t\u00e2m, v\u00e0 c\u0169ng l\u00e0 n\u01a1i m\u00ecnh [&hellip;] Xem th\u00eam","og_url":"https:\/\/phamxuanhai.com\/?page_id=48","og_site_name":"Haipham","article_modified_time":"2021-05-11T05:08:50+00:00","twitter_card":"summary_large_image","twitter_misc":{"\u01af\u1edbc t\u00ednh th\u1eddi gian \u0111\u1ecdc":"1 ph\u00fat"},"schema":{"@context":"https:\/\/schema.org","@graph":[{"@type":"WebPage","@id":"https:\/\/phamxuanhai.com\/?page_id=48","url":"https:\/\/phamxuanhai.com\/?page_id=48","name":"C\u00f4ng Ngh\u1ec7 - Haipham","isPartOf":{"@id":"https:\/\/phamxuanhai.com\/#website"},"datePublished":"2021-04-25T09:50:51+00:00","dateModified":"2021-05-11T05:08:50+00:00","breadcrumb":{"@id":"https:\/\/phamxuanhai.com\/?page_id=48#breadcrumb"},"inLanguage":"vi","potentialAction":[{"@type":"ReadAction","target":["https:\/\/phamxuanhai.com\/?page_id=48"]}]},{"@type":"BreadcrumbList","@id":"https:\/\/phamxuanhai.com\/?page_id=48#breadcrumb","itemListElement":[{"@type":"ListItem","position":1,"name":"Trang ch\u1ee7","item":"https:\/\/phamxuanhai.com\/"},{"@type":"ListItem","position":2,"name":"C\u00f4ng Ngh\u1ec7"}]},{"@type":"WebSite","@id":"https:\/\/phamxuanhai.com\/#website","url":"https:\/\/phamxuanhai.com\/","name":"Haipham","description":"Sharing Perspectives","publisher":{"@id":"https:\/\/phamxuanhai.com\/#\/schema\/person\/d856eac6840ae361c21ff4eaeb734ff0"},"potentialAction":[{"@type":"SearchAction","target":{"@type":"EntryPoint","urlTemplate":"https:\/\/phamxuanhai.com\/?s={search_term_string}"},"query-input":{"@type":"PropertyValueSpecification","valueRequired":true,"valueName":"search_term_string"}}],"inLanguage":"vi"},{"@type":["Person","Organization"],"@id":"https:\/\/phamxuanhai.com\/#\/schema\/person\/d856eac6840ae361c21ff4eaeb734ff0","name":"admin","image":{"@type":"ImageObject","inLanguage":"vi","@id":"https:\/\/phamxuanhai.com\/wp-content\/uploads\/2021\/04\/cropped-Haipham_Logo-removebg-preview.png","url":"https:\/\/phamxuanhai.com\/wp-content\/uploads\/2021\/04\/cropped-Haipham_Logo-removebg-preview.png","contentUrl":"https:\/\/phamxuanhai.com\/wp-content\/uploads\/2021\/04\/cropped-Haipham_Logo-removebg-preview.png","width":500,"height":185,"caption":"admin"},"logo":{"@id":"https:\/\/phamxuanhai.com\/wp-content\/uploads\/2021\/04\/cropped-Haipham_Logo-removebg-preview.png"},"sameAs":["https:\/\/phamxuanhai.com"]}]}},"_links":{"self":[{"href":"https:\/\/phamxuanhai.com\/index.php?rest_route=\/wp\/v2\/pages\/48","targetHints":{"allow":["GET"]}}],"collection":[{"href":"https:\/\/phamxuanhai.com\/index.php?rest_route=\/wp\/v2\/pages"}],"about":[{"href":"https:\/\/phamxuanhai.com\/index.php?rest_route=\/wp\/v2\/types\/page"}],"author":[{"embeddable":true,"href":"https:\/\/phamxuanhai.com\/index.php?rest_route=\/wp\/v2\/users\/1"}],"replies":[{"embeddable":true,"href":"https:\/\/phamxuanhai.com\/index.php?rest_route=%2Fwp%2Fv2%2Fcomments&post=48"}],"version-history":[{"count":3,"href":"https:\/\/phamxuanhai.com\/index.php?rest_route=\/wp\/v2\/pages\/48\/revisions"}],"predecessor-version":[{"id":185,"href":"https:\/\/phamxuanhai.com\/index.php?rest_route=\/wp\/v2\/pages\/48\/revisions\/185"}],"wp:attachment":[{"href":"https:\/\/phamxuanhai.com\/index.php?rest_route=%2Fwp%2Fv2%2Fmedia&parent=48"}],"curies":[{"name":"wp","href":"https:\/\/api.w.org\/{rel}","templated":true}]}}