{"id":6,"date":"2021-04-25T09:42:32","date_gmt":"2021-04-25T09:42:32","guid":{"rendered":"https:\/\/phamxuanhai.com\/?page_id=6"},"modified":"2021-04-26T09:15:46","modified_gmt":"2021-04-26T09:15:46","slug":"gioi-thieu","status":"publish","type":"page","link":"https:\/\/phamxuanhai.com\/?page_id=6","title":{"rendered":"Gi\u1edbi thi\u1ec7u"},"content":{"rendered":"<span class=\"rt-reading-time\" style=\"display: block;\"><span class=\"rt-label rt-prefix\">Reading Time: <\/span> <span class=\"rt-time\">&lt; 1<\/span> <span class=\"rt-label rt-postfix\">minute<\/span><\/span>\n<p>Xin ch\u00e0o c\u00e1c b\u1ea1n!<\/p>\n\n\n\n<p>R\u1ea5t vui \u0111\u01b0\u1ee3c \u0111\u00f3n ch\u00e0o c\u00e1c b\u1ea1n.<\/p>\n\n\n\n<p>T\u00f4i l\u00e0 <strong>H\u1ea3i Ph\u1ea1m<\/strong>, m\u1ed9t ng\u01b0\u1eddi t\u00f2 m\u00f2 v\u00e0 th\u00edch t\u00ecm hi\u1ec3u v\u1ec1 nhi\u1ec1u ch\u1ee7 \u0111\u1ec1 kh\u00e1c nhau. Tuy v\u1eady, \u0111\u00f4i khi c\u0169ng hay l\u00e2m v\u00e0o tr\u1ea1ng th\u00e1i \u0111\u1ecdc tr\u01b0\u1edbc qu\u00ean sau. T\u00f4i c\u0169ng \u0111\u00e3 th\u1eed nhi\u1ec1u c\u00e1ch, bao g\u1ed3m c\u1ea3 vi\u1ec7c t\u1ea1o m\u1ed9t danh m\u1ee5c \u0111\u00e1nh d\u1ea5u (bookmark) tr\u00ean tr\u00ecnh duy\u1ec7t m\u00ecnh hay s\u1eed d\u1ee5ng \u0111\u1ec3 c\u00f3 th\u1ec3 l\u1eadt t\u00ecm l\u1ea1i \u0111\u01b0\u1ee3c nh\u1eefng b\u00e0i b\u00e1o, nh\u1eefng trang tin m\u00e0 m\u00ecnh \u0111\u00e3 l\u01b0\u1edbt qua nh\u01b0ng ch\u01b0a th\u1ec3 nghi\u1ec1n ng\u1eabm. Nh\u01b0ng c\u0169ng ch\u01b0a th\u1ea5y hi\u1ec7u qu\u1ea3, v\u00ec \u0111\u00f4i khi ch\u00ednh m\u00ecnh c\u0169ng kh\u00f4ng nh\u1edb m\u00ecnh l\u01b0u l\u00fac n\u00e0o v\u00e0 danh m\u1ee5c th\u00ec l\u1ea1i ng\u00e0y m\u1ed9t d\u00e0i h\u01a1n.<\/p>\n\n\n\n<p>V\u1eady n\u00ean, trang web \u0111\u01b0\u1ee3c l\u1eadp ra v\u1edbi m\u1ee5c \u0111\u00edch chia s\u1ebb th\u00f4ng tin v\u1edbi m\u1ecdi ng\u01b0\u1eddi v\u00e0 c\u0169ng l\u00e0 n\u01a1i \u0111\u1ec3 t\u00f4i theo \u0111u\u1ed5i s\u1edf th\u00edch c\u00e1 nh\u00e2n c\u1ee7a m\u00ecnh. B\u1edfi khi chia s\u1ebb l\u1ea1i th\u00f4ng tin, ki\u1ebfn th\u1ee9c v\u1edbi m\u1ecdi ng\u01b0\u1eddi, th\u00ec c\u0169ng ch\u00ednh l\u00e0 m\u1ed9t l\u1ea7n ch\u00ednh m\u00ecnh l\u1ea1i \u0111\u01b0\u1ee3c ng\u1eabm ngh\u0129 l\u1ea1i nh\u1eefng ki\u1ebfn th\u1ee9c \u0111\u00f3 m\u1ed9t l\u1ea7n n\u1eefa. <\/p>\n\n\n\n<p>Nh\u01b0 l\u1eddi c\u1ee7a <em>Seneca<\/em> &#8211; m\u1ed9t tri\u1ebft gia Stoic: <\/p>\n\n\n\n<figure class=\"wp-block-pullquote is-style-default\"><blockquote><p>&#8220;<em>H\u00e3y k\u1ebft giao v\u1edbi nh\u1eefng ng\u01b0\u1eddi c\u00f3 th\u1ec3 l\u00e0m b\u1ea1n tr\u1edf th\u00e0nh m\u1ed9t con ng\u01b0\u1eddi t\u1ed1t h\u01a1n. H\u00e3y hoan ngh\u00eanh nh\u1eefng ng\u01b0\u1eddi m\u00e0 b\u1ea1n c\u00f3 th\u1ec3 c\u1ea3i thi\u1ec7n h\u1ecd. \u0110\u00f3 l\u00e0 m\u1ed9t qu\u00e1 tr\u00ecnh qua l\u1ea1i: b\u1edfi con ng\u01b0\u1eddi h\u1ecdc h\u1ecfi khi h\u1ecd ch\u1ec9 b\u1ea3o l\u1eabn nhau<\/em>&#8220;<\/p><cite>Seneca<\/cite><\/blockquote><\/figure>\n\n\n\n<p><\/p>\n","protected":false},"excerpt":{"rendered":"<p><span class=\"rt-reading-time\" style=\"display: block;\"><span class=\"rt-label rt-prefix\">Reading Time: <\/span> <span class=\"rt-time\">&lt; 1<\/span> <span class=\"rt-label rt-postfix\">minute<\/span><\/span> Xin ch\u00e0o c\u00e1c b\u1ea1n! R\u1ea5t vui \u0111\u01b0\u1ee3c \u0111\u00f3n ch\u00e0o c\u00e1c b\u1ea1n. T\u00f4i l\u00e0 H\u1ea3i Ph\u1ea1m, m\u1ed9t ng\u01b0\u1eddi t\u00f2 m\u00f2 v\u00e0 th\u00edch t\u00ecm hi\u1ec3u v\u1ec1 nhi\u1ec1u [&hellip;] <span class=\"read-more-link\"><a class=\"read-more\" href=\"https:\/\/phamxuanhai.com\/?page_id=6\">Xem th\u00eam<\/a><\/span><\/p>\n","protected":false},"author":1,"featured_media":0,"parent":0,"menu_order":0,"comment_status":"closed","ping_status":"closed","template":"","meta":{"footnotes":""},"class_list":["post-6","page","type-page","status-publish","hentry"],"yoast_head":"<!-- This site is optimized with the Yoast SEO plugin v27.4 - https:\/\/yoast.com\/product\/yoast-seo-wordpress\/ -->\n<title>Gi\u1edbi thi\u1ec7u - Haipham<\/title>\n<meta name=\"robots\" content=\"index, follow, max-snippet:-1, max-image-preview:large, max-video-preview:-1\" \/>\n<link rel=\"canonical\" href=\"https:\/\/phamxuanhai.com\/?page_id=6\" \/>\n<meta property=\"og:locale\" content=\"vi_VN\" \/>\n<meta property=\"og:type\" content=\"article\" \/>\n<meta property=\"og:title\" content=\"Gi\u1edbi thi\u1ec7u - Haipham\" \/>\n<meta property=\"og:description\" content=\"Reading Time: &lt; 1 minute Xin ch\u00e0o c\u00e1c b\u1ea1n! R\u1ea5t vui \u0111\u01b0\u1ee3c \u0111\u00f3n ch\u00e0o c\u00e1c b\u1ea1n. T\u00f4i l\u00e0 H\u1ea3i Ph\u1ea1m, m\u1ed9t ng\u01b0\u1eddi t\u00f2 m\u00f2 v\u00e0 th\u00edch t\u00ecm hi\u1ec3u v\u1ec1 nhi\u1ec1u [&hellip;] Xem th\u00eam\" \/>\n<meta property=\"og:url\" content=\"https:\/\/phamxuanhai.com\/?page_id=6\" \/>\n<meta property=\"og:site_name\" content=\"Haipham\" \/>\n<meta property=\"article:modified_time\" content=\"2021-04-26T09:15:46+00:00\" \/>\n<meta name=\"twitter:card\" content=\"summary_large_image\" \/>\n<meta name=\"twitter:label1\" content=\"\u01af\u1edbc t\u00ednh th\u1eddi gian \u0111\u1ecdc\" \/>\n\t<meta name=\"twitter:data1\" content=\"2 ph\u00fat\" \/>\n<script type=\"application\/ld+json\" class=\"yoast-schema-graph\">{\"@context\":\"https:\\\/\\\/schema.org\",\"@graph\":[{\"@type\":\"WebPage\",\"@id\":\"https:\\\/\\\/phamxuanhai.com\\\/?page_id=6\",\"url\":\"https:\\\/\\\/phamxuanhai.com\\\/?page_id=6\",\"name\":\"Gi\u1edbi thi\u1ec7u - Haipham\",\"isPartOf\":{\"@id\":\"https:\\\/\\\/phamxuanhai.com\\\/#website\"},\"datePublished\":\"2021-04-25T09:42:32+00:00\",\"dateModified\":\"2021-04-26T09:15:46+00:00\",\"breadcrumb\":{\"@id\":\"https:\\\/\\\/phamxuanhai.com\\\/?page_id=6#breadcrumb\"},\"inLanguage\":\"vi\",\"potentialAction\":[{\"@type\":\"ReadAction\",\"target\":[\"https:\\\/\\\/phamxuanhai.com\\\/?page_id=6\"]}]},{\"@type\":\"BreadcrumbList\",\"@id\":\"https:\\\/\\\/phamxuanhai.com\\\/?page_id=6#breadcrumb\",\"itemListElement\":[{\"@type\":\"ListItem\",\"position\":1,\"name\":\"Trang ch\u1ee7\",\"item\":\"https:\\\/\\\/phamxuanhai.com\\\/\"},{\"@type\":\"ListItem\",\"position\":2,\"name\":\"Gi\u1edbi thi\u1ec7u\"}]},{\"@type\":\"WebSite\",\"@id\":\"https:\\\/\\\/phamxuanhai.com\\\/#website\",\"url\":\"https:\\\/\\\/phamxuanhai.com\\\/\",\"name\":\"Haipham\",\"description\":\"Sharing Perspectives\",\"publisher\":{\"@id\":\"https:\\\/\\\/phamxuanhai.com\\\/#\\\/schema\\\/person\\\/d856eac6840ae361c21ff4eaeb734ff0\"},\"potentialAction\":[{\"@type\":\"SearchAction\",\"target\":{\"@type\":\"EntryPoint\",\"urlTemplate\":\"https:\\\/\\\/phamxuanhai.com\\\/?s={search_term_string}\"},\"query-input\":{\"@type\":\"PropertyValueSpecification\",\"valueRequired\":true,\"valueName\":\"search_term_string\"}}],\"inLanguage\":\"vi\"},{\"@type\":[\"Person\",\"Organization\"],\"@id\":\"https:\\\/\\\/phamxuanhai.com\\\/#\\\/schema\\\/person\\\/d856eac6840ae361c21ff4eaeb734ff0\",\"name\":\"admin\",\"image\":{\"@type\":\"ImageObject\",\"inLanguage\":\"vi\",\"@id\":\"https:\\\/\\\/phamxuanhai.com\\\/wp-content\\\/uploads\\\/2021\\\/04\\\/cropped-Haipham_Logo-removebg-preview.png\",\"url\":\"https:\\\/\\\/phamxuanhai.com\\\/wp-content\\\/uploads\\\/2021\\\/04\\\/cropped-Haipham_Logo-removebg-preview.png\",\"contentUrl\":\"https:\\\/\\\/phamxuanhai.com\\\/wp-content\\\/uploads\\\/2021\\\/04\\\/cropped-Haipham_Logo-removebg-preview.png\",\"width\":500,\"height\":185,\"caption\":\"admin\"},\"logo\":{\"@id\":\"https:\\\/\\\/phamxuanhai.com\\\/wp-content\\\/uploads\\\/2021\\\/04\\\/cropped-Haipham_Logo-removebg-preview.png\"},\"sameAs\":[\"https:\\\/\\\/phamxuanhai.com\"]}]}<\/script>\n<!-- \/ Yoast SEO plugin. -->","yoast_head_json":{"title":"Gi\u1edbi thi\u1ec7u - Haipham","robots":{"index":"index","follow":"follow","max-snippet":"max-snippet:-1","max-image-preview":"max-image-preview:large","max-video-preview":"max-video-preview:-1"},"canonical":"https:\/\/phamxuanhai.com\/?page_id=6","og_locale":"vi_VN","og_type":"article","og_title":"Gi\u1edbi thi\u1ec7u - Haipham","og_description":"Reading Time: &lt; 1 minute Xin ch\u00e0o c\u00e1c b\u1ea1n! R\u1ea5t vui \u0111\u01b0\u1ee3c \u0111\u00f3n ch\u00e0o c\u00e1c b\u1ea1n. T\u00f4i l\u00e0 H\u1ea3i Ph\u1ea1m, m\u1ed9t ng\u01b0\u1eddi t\u00f2 m\u00f2 v\u00e0 th\u00edch t\u00ecm hi\u1ec3u v\u1ec1 nhi\u1ec1u [&hellip;] Xem th\u00eam","og_url":"https:\/\/phamxuanhai.com\/?page_id=6","og_site_name":"Haipham","article_modified_time":"2021-04-26T09:15:46+00:00","twitter_card":"summary_large_image","twitter_misc":{"\u01af\u1edbc t\u00ednh th\u1eddi gian \u0111\u1ecdc":"2 ph\u00fat"},"schema":{"@context":"https:\/\/schema.org","@graph":[{"@type":"WebPage","@id":"https:\/\/phamxuanhai.com\/?page_id=6","url":"https:\/\/phamxuanhai.com\/?page_id=6","name":"Gi\u1edbi thi\u1ec7u - Haipham","isPartOf":{"@id":"https:\/\/phamxuanhai.com\/#website"},"datePublished":"2021-04-25T09:42:32+00:00","dateModified":"2021-04-26T09:15:46+00:00","breadcrumb":{"@id":"https:\/\/phamxuanhai.com\/?page_id=6#breadcrumb"},"inLanguage":"vi","potentialAction":[{"@type":"ReadAction","target":["https:\/\/phamxuanhai.com\/?page_id=6"]}]},{"@type":"BreadcrumbList","@id":"https:\/\/phamxuanhai.com\/?page_id=6#breadcrumb","itemListElement":[{"@type":"ListItem","position":1,"name":"Trang ch\u1ee7","item":"https:\/\/phamxuanhai.com\/"},{"@type":"ListItem","position":2,"name":"Gi\u1edbi thi\u1ec7u"}]},{"@type":"WebSite","@id":"https:\/\/phamxuanhai.com\/#website","url":"https:\/\/phamxuanhai.com\/","name":"Haipham","description":"Sharing Perspectives","publisher":{"@id":"https:\/\/phamxuanhai.com\/#\/schema\/person\/d856eac6840ae361c21ff4eaeb734ff0"},"potentialAction":[{"@type":"SearchAction","target":{"@type":"EntryPoint","urlTemplate":"https:\/\/phamxuanhai.com\/?s={search_term_string}"},"query-input":{"@type":"PropertyValueSpecification","valueRequired":true,"valueName":"search_term_string"}}],"inLanguage":"vi"},{"@type":["Person","Organization"],"@id":"https:\/\/phamxuanhai.com\/#\/schema\/person\/d856eac6840ae361c21ff4eaeb734ff0","name":"admin","image":{"@type":"ImageObject","inLanguage":"vi","@id":"https:\/\/phamxuanhai.com\/wp-content\/uploads\/2021\/04\/cropped-Haipham_Logo-removebg-preview.png","url":"https:\/\/phamxuanhai.com\/wp-content\/uploads\/2021\/04\/cropped-Haipham_Logo-removebg-preview.png","contentUrl":"https:\/\/phamxuanhai.com\/wp-content\/uploads\/2021\/04\/cropped-Haipham_Logo-removebg-preview.png","width":500,"height":185,"caption":"admin"},"logo":{"@id":"https:\/\/phamxuanhai.com\/wp-content\/uploads\/2021\/04\/cropped-Haipham_Logo-removebg-preview.png"},"sameAs":["https:\/\/phamxuanhai.com"]}]}},"_links":{"self":[{"href":"https:\/\/phamxuanhai.com\/index.php?rest_route=\/wp\/v2\/pages\/6","targetHints":{"allow":["GET"]}}],"collection":[{"href":"https:\/\/phamxuanhai.com\/index.php?rest_route=\/wp\/v2\/pages"}],"about":[{"href":"https:\/\/phamxuanhai.com\/index.php?rest_route=\/wp\/v2\/types\/page"}],"author":[{"embeddable":true,"href":"https:\/\/phamxuanhai.com\/index.php?rest_route=\/wp\/v2\/users\/1"}],"replies":[{"embeddable":true,"href":"https:\/\/phamxuanhai.com\/index.php?rest_route=%2Fwp%2Fv2%2Fcomments&post=6"}],"version-history":[{"count":3,"href":"https:\/\/phamxuanhai.com\/index.php?rest_route=\/wp\/v2\/pages\/6\/revisions"}],"predecessor-version":[{"id":86,"href":"https:\/\/phamxuanhai.com\/index.php?rest_route=\/wp\/v2\/pages\/6\/revisions\/86"}],"wp:attachment":[{"href":"https:\/\/phamxuanhai.com\/index.php?rest_route=%2Fwp%2Fv2%2Fmedia&parent=6"}],"curies":[{"name":"wp","href":"https:\/\/api.w.org\/{rel}","templated":true}]}}